{"id":1856,"date":"2021-04-13T00:03:22","date_gmt":"2021-04-12T22:03:22","guid":{"rendered":"https:\/\/www.solivin.com\/produkty\/"},"modified":"2021-12-04T20:38:27","modified_gmt":"2021-12-04T19:38:27","slug":"produkty","status":"publish","type":"page","link":"https:\/\/www.solivin.com\/cs\/produkty\/","title":{"rendered":"Produkty"},"content":{"rendered":"\n\n\n<p><\/p>\n","protected":false},"excerpt":{"rendered":"","protected":false},"author":1,"featured_media":0,"parent":0,"menu_order":0,"comment_status":"closed","ping_status":"closed","template":"","meta":[],"acf":[],"yoast_head":"<!-- This site is optimized with the Yoast SEO plugin v17.6 - https:\/\/yoast.com\/wordpress\/plugins\/seo\/ -->\n<title>Produkty - SOLIVIN COM CZ<\/title>\n<meta name=\"description\" content=\"Pro preventivn\u00ed p\u00e9\u010di o problematickou poko\u017eku n\u00e1chylnou k podr\u00e1\u017ed\u011bn\u00ed, zarudnut\u00ed, odlupov\u00e1n\u00ed, sv\u011bd\u011bn\u00ed a suchosti. M\u00e1 protiz\u00e1n\u011btliv\u00fd, zvl\u00e1\u010d\u0148uj\u00edc\u00ed, exfolia\u010dn\u00ed a regenera\u010dn\u00ed \u00fa\u010dinek.\" \/>\n<meta name=\"robots\" content=\"index, follow, max-snippet:-1, max-image-preview:large, max-video-preview:-1\" \/>\n<link rel=\"canonical\" href=\"https:\/\/www.solivin.com\/cs\/produkty\/\" \/>\n<meta property=\"og:locale\" content=\"cs_CZ\" \/>\n<meta property=\"og:type\" content=\"article\" \/>\n<meta property=\"og:title\" content=\"Produkty - SOLIVIN COM CZ\" \/>\n<meta property=\"og:description\" content=\"Pro preventivn\u00ed p\u00e9\u010di o problematickou poko\u017eku n\u00e1chylnou k podr\u00e1\u017ed\u011bn\u00ed, zarudnut\u00ed, odlupov\u00e1n\u00ed, sv\u011bd\u011bn\u00ed a suchosti. M\u00e1 protiz\u00e1n\u011btliv\u00fd, zvl\u00e1\u010d\u0148uj\u00edc\u00ed, exfolia\u010dn\u00ed a regenera\u010dn\u00ed \u00fa\u010dinek.\" \/>\n<meta property=\"og:url\" content=\"https:\/\/www.solivin.com\/cs\/produkty\/\" \/>\n<meta property=\"og:site_name\" content=\"SOLIVIN COM CZ\" \/>\n<meta property=\"article:modified_time\" content=\"2021-12-04T19:38:27+00:00\" \/>\n<meta name=\"twitter:card\" content=\"summary_large_image\" \/>\n<script type=\"application\/ld+json\" class=\"yoast-schema-graph\">{\"@context\":\"https:\/\/schema.org\",\"@graph\":[{\"@type\":\"WebSite\",\"@id\":\"https:\/\/www.solivin.com\/cs\/#website\",\"url\":\"https:\/\/www.solivin.com\/cs\/\",\"name\":\"SOLIVIN COM CZ\",\"description\":\"\",\"potentialAction\":[{\"@type\":\"SearchAction\",\"target\":{\"@type\":\"EntryPoint\",\"urlTemplate\":\"https:\/\/www.solivin.com\/cs\/?s={search_term_string}\"},\"query-input\":\"required name=search_term_string\"}],\"inLanguage\":\"cs\"},{\"@type\":\"WebPage\",\"@id\":\"https:\/\/www.solivin.com\/cs\/produkty\/#webpage\",\"url\":\"https:\/\/www.solivin.com\/cs\/produkty\/\",\"name\":\"Produkty - SOLIVIN COM CZ\",\"isPartOf\":{\"@id\":\"https:\/\/www.solivin.com\/cs\/#website\"},\"datePublished\":\"2021-04-12T22:03:22+00:00\",\"dateModified\":\"2021-12-04T19:38:27+00:00\",\"description\":\"Pro preventivn\\u00ed p\\u00e9\\u010di o problematickou poko\\u017eku n\\u00e1chylnou k podr\\u00e1\\u017ed\\u011bn\\u00ed, zarudnut\\u00ed, odlupov\\u00e1n\\u00ed, sv\\u011bd\\u011bn\\u00ed a suchosti. M\\u00e1 protiz\\u00e1n\\u011btliv\\u00fd, zvl\\u00e1\\u010d\\u0148uj\\u00edc\\u00ed, exfolia\\u010dn\\u00ed a regenera\\u010dn\\u00ed \\u00fa\\u010dinek.\",\"breadcrumb\":{\"@id\":\"https:\/\/www.solivin.com\/cs\/produkty\/#breadcrumb\"},\"inLanguage\":\"cs\",\"potentialAction\":[{\"@type\":\"ReadAction\",\"target\":[\"https:\/\/www.solivin.com\/cs\/produkty\/\"]}]},{\"@type\":\"BreadcrumbList\",\"@id\":\"https:\/\/www.solivin.com\/cs\/produkty\/#breadcrumb\",\"itemListElement\":[{\"@type\":\"ListItem\",\"position\":1,\"name\":\"Home\",\"item\":\"https:\/\/www.solivin.com\/cs\/\"},{\"@type\":\"ListItem\",\"position\":2,\"name\":\"Produkty\"}]}]}<\/script>\n<!-- \/ Yoast SEO plugin. -->","yoast_head_json":{"title":"Produkty - SOLIVIN COM CZ","description":"Pro preventivn\u00ed p\u00e9\u010di o problematickou poko\u017eku n\u00e1chylnou k podr\u00e1\u017ed\u011bn\u00ed, zarudnut\u00ed, odlupov\u00e1n\u00ed, sv\u011bd\u011bn\u00ed a suchosti. M\u00e1 protiz\u00e1n\u011btliv\u00fd, zvl\u00e1\u010d\u0148uj\u00edc\u00ed, exfolia\u010dn\u00ed a regenera\u010dn\u00ed \u00fa\u010dinek.","robots":{"index":"index","follow":"follow","max-snippet":"max-snippet:-1","max-image-preview":"max-image-preview:large","max-video-preview":"max-video-preview:-1"},"canonical":"https:\/\/www.solivin.com\/cs\/produkty\/","og_locale":"cs_CZ","og_type":"article","og_title":"Produkty - SOLIVIN COM CZ","og_description":"Pro preventivn\u00ed p\u00e9\u010di o problematickou poko\u017eku n\u00e1chylnou k podr\u00e1\u017ed\u011bn\u00ed, zarudnut\u00ed, odlupov\u00e1n\u00ed, sv\u011bd\u011bn\u00ed a suchosti. M\u00e1 protiz\u00e1n\u011btliv\u00fd, zvl\u00e1\u010d\u0148uj\u00edc\u00ed, exfolia\u010dn\u00ed a regenera\u010dn\u00ed \u00fa\u010dinek.","og_url":"https:\/\/www.solivin.com\/cs\/produkty\/","og_site_name":"SOLIVIN COM CZ","article_modified_time":"2021-12-04T19:38:27+00:00","twitter_card":"summary_large_image","schema":{"@context":"https:\/\/schema.org","@graph":[{"@type":"WebSite","@id":"https:\/\/www.solivin.com\/cs\/#website","url":"https:\/\/www.solivin.com\/cs\/","name":"SOLIVIN COM CZ","description":"","potentialAction":[{"@type":"SearchAction","target":{"@type":"EntryPoint","urlTemplate":"https:\/\/www.solivin.com\/cs\/?s={search_term_string}"},"query-input":"required name=search_term_string"}],"inLanguage":"cs"},{"@type":"WebPage","@id":"https:\/\/www.solivin.com\/cs\/produkty\/#webpage","url":"https:\/\/www.solivin.com\/cs\/produkty\/","name":"Produkty - SOLIVIN COM CZ","isPartOf":{"@id":"https:\/\/www.solivin.com\/cs\/#website"},"datePublished":"2021-04-12T22:03:22+00:00","dateModified":"2021-12-04T19:38:27+00:00","description":"Pro preventivn\u00ed p\u00e9\u010di o problematickou poko\u017eku n\u00e1chylnou k podr\u00e1\u017ed\u011bn\u00ed, zarudnut\u00ed, odlupov\u00e1n\u00ed, sv\u011bd\u011bn\u00ed a suchosti. M\u00e1 protiz\u00e1n\u011btliv\u00fd, zvl\u00e1\u010d\u0148uj\u00edc\u00ed, exfolia\u010dn\u00ed a regenera\u010dn\u00ed \u00fa\u010dinek.","breadcrumb":{"@id":"https:\/\/www.solivin.com\/cs\/produkty\/#breadcrumb"},"inLanguage":"cs","potentialAction":[{"@type":"ReadAction","target":["https:\/\/www.solivin.com\/cs\/produkty\/"]}]},{"@type":"BreadcrumbList","@id":"https:\/\/www.solivin.com\/cs\/produkty\/#breadcrumb","itemListElement":[{"@type":"ListItem","position":1,"name":"Home","item":"https:\/\/www.solivin.com\/cs\/"},{"@type":"ListItem","position":2,"name":"Produkty"}]}]}},"_links":{"self":[{"href":"https:\/\/www.solivin.com\/cs\/wp-json\/wp\/v2\/pages\/1856"}],"collection":[{"href":"https:\/\/www.solivin.com\/cs\/wp-json\/wp\/v2\/pages"}],"about":[{"href":"https:\/\/www.solivin.com\/cs\/wp-json\/wp\/v2\/types\/page"}],"author":[{"embeddable":true,"href":"https:\/\/www.solivin.com\/cs\/wp-json\/wp\/v2\/users\/1"}],"replies":[{"embeddable":true,"href":"https:\/\/www.solivin.com\/cs\/wp-json\/wp\/v2\/comments?post=1856"}],"version-history":[{"count":1,"href":"https:\/\/www.solivin.com\/cs\/wp-json\/wp\/v2\/pages\/1856\/revisions"}],"predecessor-version":[{"id":2981,"href":"https:\/\/www.solivin.com\/cs\/wp-json\/wp\/v2\/pages\/1856\/revisions\/2981"}],"wp:attachment":[{"href":"https:\/\/www.solivin.com\/cs\/wp-json\/wp\/v2\/media?parent=1856"}],"curies":[{"name":"wp","href":"https:\/\/api.w.org\/{rel}","templated":true}]}}