{"id":1860,"date":"2021-05-27T00:20:37","date_gmt":"2021-05-26T22:20:37","guid":{"rendered":"https:\/\/www.solivin.com\/homepage\/"},"modified":"2021-12-04T20:35:13","modified_gmt":"2021-12-04T19:35:13","slug":"homepage","status":"publish","type":"page","link":"https:\/\/www.solivin.com\/cs\/","title":{"rendered":"dom\u016f"},"content":{"rendered":"","protected":false},"excerpt":{"rendered":"","protected":false},"author":2,"featured_media":0,"parent":0,"menu_order":0,"comment_status":"closed","ping_status":"closed","template":"","meta":[],"acf":[],"yoast_head":"<!-- This site is optimized with the Yoast SEO plugin v17.6 - https:\/\/yoast.com\/wordpress\/plugins\/seo\/ -->\n<title>dom\u016f - SOLIVIN COM CZ<\/title>\n<meta name=\"description\" content=\"Mast Solivin\u00ae - p\u0159\u00edrodn\u00ed pomoc problematick\u00e9 poko\u017ece, trp\u00edc\u00ed dermat\u00f3zami r\u016fzn\u00e9ho p\u016fvodu, v\u010detn\u011b chronick\u00fdch ko\u017en\u00edch onemocn\u011bn\u00ed jako je psori\u00e1za, neurodermatitida, ekz\u00e9m nebo atopick\u00e1 dermatitida.\" \/>\n<meta name=\"robots\" content=\"index, follow, max-snippet:-1, max-image-preview:large, max-video-preview:-1\" \/>\n<link rel=\"canonical\" href=\"https:\/\/www.solivin.com\/cs\/\" \/>\n<meta property=\"og:locale\" content=\"cs_CZ\" \/>\n<meta property=\"og:type\" content=\"article\" \/>\n<meta property=\"og:title\" content=\"dom\u016f - SOLIVIN COM CZ\" \/>\n<meta property=\"og:description\" content=\"Mast Solivin\u00ae - p\u0159\u00edrodn\u00ed pomoc problematick\u00e9 poko\u017ece, trp\u00edc\u00ed dermat\u00f3zami r\u016fzn\u00e9ho p\u016fvodu, v\u010detn\u011b chronick\u00fdch ko\u017en\u00edch onemocn\u011bn\u00ed jako je psori\u00e1za, neurodermatitida, ekz\u00e9m nebo atopick\u00e1 dermatitida.\" \/>\n<meta property=\"og:url\" content=\"https:\/\/www.solivin.com\/cs\/\" \/>\n<meta property=\"og:site_name\" content=\"SOLIVIN COM CZ\" \/>\n<meta property=\"article:modified_time\" content=\"2021-12-04T19:35:13+00:00\" \/>\n<meta name=\"twitter:card\" content=\"summary_large_image\" \/>\n<script type=\"application\/ld+json\" class=\"yoast-schema-graph\">{\"@context\":\"https:\/\/schema.org\",\"@graph\":[{\"@type\":\"WebSite\",\"@id\":\"https:\/\/www.solivin.com\/cs\/#website\",\"url\":\"https:\/\/www.solivin.com\/cs\/\",\"name\":\"SOLIVIN COM CZ\",\"description\":\"\",\"potentialAction\":[{\"@type\":\"SearchAction\",\"target\":{\"@type\":\"EntryPoint\",\"urlTemplate\":\"https:\/\/www.solivin.com\/cs\/?s={search_term_string}\"},\"query-input\":\"required name=search_term_string\"}],\"inLanguage\":\"cs\"},{\"@type\":\"WebPage\",\"@id\":\"https:\/\/www.solivin.com\/cs\/#webpage\",\"url\":\"https:\/\/www.solivin.com\/cs\/\",\"name\":\"dom\\u016f - SOLIVIN COM CZ\",\"isPartOf\":{\"@id\":\"https:\/\/www.solivin.com\/cs\/#website\"},\"datePublished\":\"2021-05-26T22:20:37+00:00\",\"dateModified\":\"2021-12-04T19:35:13+00:00\",\"description\":\"Mast Solivin\\u00ae - p\\u0159\\u00edrodn\\u00ed pomoc problematick\\u00e9 poko\\u017ece, trp\\u00edc\\u00ed dermat\\u00f3zami r\\u016fzn\\u00e9ho p\\u016fvodu, v\\u010detn\\u011b chronick\\u00fdch ko\\u017en\\u00edch onemocn\\u011bn\\u00ed jako je psori\\u00e1za, neurodermatitida, ekz\\u00e9m nebo atopick\\u00e1 dermatitida.\",\"breadcrumb\":{\"@id\":\"https:\/\/www.solivin.com\/cs\/#breadcrumb\"},\"inLanguage\":\"cs\",\"potentialAction\":[{\"@type\":\"ReadAction\",\"target\":[\"https:\/\/www.solivin.com\/cs\/\"]}]},{\"@type\":\"BreadcrumbList\",\"@id\":\"https:\/\/www.solivin.com\/cs\/#breadcrumb\",\"itemListElement\":[{\"@type\":\"ListItem\",\"position\":1,\"name\":\"Home\",\"item\":\"https:\/\/www.solivin.com\/cs\/\"},{\"@type\":\"ListItem\",\"position\":2,\"name\":\"dom\\u016f\"}]}]}<\/script>\n<!-- \/ Yoast SEO plugin. -->","yoast_head_json":{"title":"dom\u016f - SOLIVIN COM CZ","description":"Mast Solivin\u00ae - p\u0159\u00edrodn\u00ed pomoc problematick\u00e9 poko\u017ece, trp\u00edc\u00ed dermat\u00f3zami r\u016fzn\u00e9ho p\u016fvodu, v\u010detn\u011b chronick\u00fdch ko\u017en\u00edch onemocn\u011bn\u00ed jako je psori\u00e1za, neurodermatitida, ekz\u00e9m nebo atopick\u00e1 dermatitida.","robots":{"index":"index","follow":"follow","max-snippet":"max-snippet:-1","max-image-preview":"max-image-preview:large","max-video-preview":"max-video-preview:-1"},"canonical":"https:\/\/www.solivin.com\/cs\/","og_locale":"cs_CZ","og_type":"article","og_title":"dom\u016f - SOLIVIN COM CZ","og_description":"Mast Solivin\u00ae - p\u0159\u00edrodn\u00ed pomoc problematick\u00e9 poko\u017ece, trp\u00edc\u00ed dermat\u00f3zami r\u016fzn\u00e9ho p\u016fvodu, v\u010detn\u011b chronick\u00fdch ko\u017en\u00edch onemocn\u011bn\u00ed jako je psori\u00e1za, neurodermatitida, ekz\u00e9m nebo atopick\u00e1 dermatitida.","og_url":"https:\/\/www.solivin.com\/cs\/","og_site_name":"SOLIVIN COM CZ","article_modified_time":"2021-12-04T19:35:13+00:00","twitter_card":"summary_large_image","schema":{"@context":"https:\/\/schema.org","@graph":[{"@type":"WebSite","@id":"https:\/\/www.solivin.com\/cs\/#website","url":"https:\/\/www.solivin.com\/cs\/","name":"SOLIVIN COM CZ","description":"","potentialAction":[{"@type":"SearchAction","target":{"@type":"EntryPoint","urlTemplate":"https:\/\/www.solivin.com\/cs\/?s={search_term_string}"},"query-input":"required name=search_term_string"}],"inLanguage":"cs"},{"@type":"WebPage","@id":"https:\/\/www.solivin.com\/cs\/#webpage","url":"https:\/\/www.solivin.com\/cs\/","name":"dom\u016f - SOLIVIN COM CZ","isPartOf":{"@id":"https:\/\/www.solivin.com\/cs\/#website"},"datePublished":"2021-05-26T22:20:37+00:00","dateModified":"2021-12-04T19:35:13+00:00","description":"Mast Solivin\u00ae - p\u0159\u00edrodn\u00ed pomoc problematick\u00e9 poko\u017ece, trp\u00edc\u00ed dermat\u00f3zami r\u016fzn\u00e9ho p\u016fvodu, v\u010detn\u011b chronick\u00fdch ko\u017en\u00edch onemocn\u011bn\u00ed jako je psori\u00e1za, neurodermatitida, ekz\u00e9m nebo atopick\u00e1 dermatitida.","breadcrumb":{"@id":"https:\/\/www.solivin.com\/cs\/#breadcrumb"},"inLanguage":"cs","potentialAction":[{"@type":"ReadAction","target":["https:\/\/www.solivin.com\/cs\/"]}]},{"@type":"BreadcrumbList","@id":"https:\/\/www.solivin.com\/cs\/#breadcrumb","itemListElement":[{"@type":"ListItem","position":1,"name":"Home","item":"https:\/\/www.solivin.com\/cs\/"},{"@type":"ListItem","position":2,"name":"dom\u016f"}]}]}},"_links":{"self":[{"href":"https:\/\/www.solivin.com\/cs\/wp-json\/wp\/v2\/pages\/1860"}],"collection":[{"href":"https:\/\/www.solivin.com\/cs\/wp-json\/wp\/v2\/pages"}],"about":[{"href":"https:\/\/www.solivin.com\/cs\/wp-json\/wp\/v2\/types\/page"}],"author":[{"embeddable":true,"href":"https:\/\/www.solivin.com\/cs\/wp-json\/wp\/v2\/users\/2"}],"replies":[{"embeddable":true,"href":"https:\/\/www.solivin.com\/cs\/wp-json\/wp\/v2\/comments?post=1860"}],"version-history":[{"count":1,"href":"https:\/\/www.solivin.com\/cs\/wp-json\/wp\/v2\/pages\/1860\/revisions"}],"predecessor-version":[{"id":2970,"href":"https:\/\/www.solivin.com\/cs\/wp-json\/wp\/v2\/pages\/1860\/revisions\/2970"}],"wp:attachment":[{"href":"https:\/\/www.solivin.com\/cs\/wp-json\/wp\/v2\/media?parent=1860"}],"curies":[{"name":"wp","href":"https:\/\/api.w.org\/{rel}","templated":true}]}}