{"id":1868,"date":"2021-04-14T10:01:42","date_gmt":"2021-04-14T08:01:42","guid":{"rendered":"https:\/\/www.solivin.com\/pro-partnery\/"},"modified":"2021-12-04T20:45:33","modified_gmt":"2021-12-04T19:45:33","slug":"pro-partnery","status":"publish","type":"page","link":"https:\/\/www.solivin.com\/cs\/pro-partnery\/","title":{"rendered":"PARTNE\u0158I"},"content":{"rendered":"\n\n\n<p><\/p>\n","protected":false},"excerpt":{"rendered":"","protected":false},"author":2,"featured_media":0,"parent":0,"menu_order":0,"comment_status":"closed","ping_status":"closed","template":"","meta":[],"acf":[],"yoast_head":"<!-- This site is optimized with the Yoast SEO plugin v17.6 - https:\/\/yoast.com\/wordpress\/plugins\/seo\/ -->\n<title>PARTNE\u0158I - SOLIVIN COM CZ<\/title>\n<meta name=\"description\" content=\"P\u0159edstavujeme v\u00fdrobek evropsk\u00e9 kvality, kter\u00fd je vyr\u00e1b\u011bn v za\u0159\u00edzen\u00edch \u010desk\u00e9ho farmaceutick\u00e9ho z\u00e1vodu pro \u00fa\u010dinnou p\u00e9\u010di o problematickou poko\u017eku.\" \/>\n<meta name=\"robots\" content=\"index, follow, max-snippet:-1, max-image-preview:large, max-video-preview:-1\" \/>\n<link rel=\"canonical\" href=\"https:\/\/www.solivin.com\/cs\/pro-partnery\/\" \/>\n<meta property=\"og:locale\" content=\"cs_CZ\" \/>\n<meta property=\"og:type\" content=\"article\" \/>\n<meta property=\"og:title\" content=\"PARTNE\u0158I - SOLIVIN COM CZ\" \/>\n<meta property=\"og:description\" content=\"P\u0159edstavujeme v\u00fdrobek evropsk\u00e9 kvality, kter\u00fd je vyr\u00e1b\u011bn v za\u0159\u00edzen\u00edch \u010desk\u00e9ho farmaceutick\u00e9ho z\u00e1vodu pro \u00fa\u010dinnou p\u00e9\u010di o problematickou poko\u017eku.\" \/>\n<meta property=\"og:url\" content=\"https:\/\/www.solivin.com\/cs\/pro-partnery\/\" \/>\n<meta property=\"og:site_name\" content=\"SOLIVIN COM CZ\" \/>\n<meta property=\"article:modified_time\" content=\"2021-12-04T19:45:33+00:00\" \/>\n<meta name=\"twitter:card\" content=\"summary_large_image\" \/>\n<script type=\"application\/ld+json\" class=\"yoast-schema-graph\">{\"@context\":\"https:\/\/schema.org\",\"@graph\":[{\"@type\":\"WebSite\",\"@id\":\"https:\/\/www.solivin.com\/cs\/#website\",\"url\":\"https:\/\/www.solivin.com\/cs\/\",\"name\":\"SOLIVIN COM CZ\",\"description\":\"\",\"potentialAction\":[{\"@type\":\"SearchAction\",\"target\":{\"@type\":\"EntryPoint\",\"urlTemplate\":\"https:\/\/www.solivin.com\/cs\/?s={search_term_string}\"},\"query-input\":\"required name=search_term_string\"}],\"inLanguage\":\"cs\"},{\"@type\":\"WebPage\",\"@id\":\"https:\/\/www.solivin.com\/cs\/pro-partnery\/#webpage\",\"url\":\"https:\/\/www.solivin.com\/cs\/pro-partnery\/\",\"name\":\"PARTNE\\u0158I - SOLIVIN COM CZ\",\"isPartOf\":{\"@id\":\"https:\/\/www.solivin.com\/cs\/#website\"},\"datePublished\":\"2021-04-14T08:01:42+00:00\",\"dateModified\":\"2021-12-04T19:45:33+00:00\",\"description\":\"P\\u0159edstavujeme v\\u00fdrobek evropsk\\u00e9 kvality, kter\\u00fd je vyr\\u00e1b\\u011bn v za\\u0159\\u00edzen\\u00edch \\u010desk\\u00e9ho farmaceutick\\u00e9ho z\\u00e1vodu pro \\u00fa\\u010dinnou p\\u00e9\\u010di o problematickou poko\\u017eku.\",\"breadcrumb\":{\"@id\":\"https:\/\/www.solivin.com\/cs\/pro-partnery\/#breadcrumb\"},\"inLanguage\":\"cs\",\"potentialAction\":[{\"@type\":\"ReadAction\",\"target\":[\"https:\/\/www.solivin.com\/cs\/pro-partnery\/\"]}]},{\"@type\":\"BreadcrumbList\",\"@id\":\"https:\/\/www.solivin.com\/cs\/pro-partnery\/#breadcrumb\",\"itemListElement\":[{\"@type\":\"ListItem\",\"position\":1,\"name\":\"Home\",\"item\":\"https:\/\/www.solivin.com\/cs\/\"},{\"@type\":\"ListItem\",\"position\":2,\"name\":\"PARTNE\\u0158I\"}]}]}<\/script>\n<!-- \/ Yoast SEO plugin. -->","yoast_head_json":{"title":"PARTNE\u0158I - SOLIVIN COM CZ","description":"P\u0159edstavujeme v\u00fdrobek evropsk\u00e9 kvality, kter\u00fd je vyr\u00e1b\u011bn v za\u0159\u00edzen\u00edch \u010desk\u00e9ho farmaceutick\u00e9ho z\u00e1vodu pro \u00fa\u010dinnou p\u00e9\u010di o problematickou poko\u017eku.","robots":{"index":"index","follow":"follow","max-snippet":"max-snippet:-1","max-image-preview":"max-image-preview:large","max-video-preview":"max-video-preview:-1"},"canonical":"https:\/\/www.solivin.com\/cs\/pro-partnery\/","og_locale":"cs_CZ","og_type":"article","og_title":"PARTNE\u0158I - SOLIVIN COM CZ","og_description":"P\u0159edstavujeme v\u00fdrobek evropsk\u00e9 kvality, kter\u00fd je vyr\u00e1b\u011bn v za\u0159\u00edzen\u00edch \u010desk\u00e9ho farmaceutick\u00e9ho z\u00e1vodu pro \u00fa\u010dinnou p\u00e9\u010di o problematickou poko\u017eku.","og_url":"https:\/\/www.solivin.com\/cs\/pro-partnery\/","og_site_name":"SOLIVIN COM CZ","article_modified_time":"2021-12-04T19:45:33+00:00","twitter_card":"summary_large_image","schema":{"@context":"https:\/\/schema.org","@graph":[{"@type":"WebSite","@id":"https:\/\/www.solivin.com\/cs\/#website","url":"https:\/\/www.solivin.com\/cs\/","name":"SOLIVIN COM CZ","description":"","potentialAction":[{"@type":"SearchAction","target":{"@type":"EntryPoint","urlTemplate":"https:\/\/www.solivin.com\/cs\/?s={search_term_string}"},"query-input":"required name=search_term_string"}],"inLanguage":"cs"},{"@type":"WebPage","@id":"https:\/\/www.solivin.com\/cs\/pro-partnery\/#webpage","url":"https:\/\/www.solivin.com\/cs\/pro-partnery\/","name":"PARTNE\u0158I - SOLIVIN COM CZ","isPartOf":{"@id":"https:\/\/www.solivin.com\/cs\/#website"},"datePublished":"2021-04-14T08:01:42+00:00","dateModified":"2021-12-04T19:45:33+00:00","description":"P\u0159edstavujeme v\u00fdrobek evropsk\u00e9 kvality, kter\u00fd je vyr\u00e1b\u011bn v za\u0159\u00edzen\u00edch \u010desk\u00e9ho farmaceutick\u00e9ho z\u00e1vodu pro \u00fa\u010dinnou p\u00e9\u010di o problematickou poko\u017eku.","breadcrumb":{"@id":"https:\/\/www.solivin.com\/cs\/pro-partnery\/#breadcrumb"},"inLanguage":"cs","potentialAction":[{"@type":"ReadAction","target":["https:\/\/www.solivin.com\/cs\/pro-partnery\/"]}]},{"@type":"BreadcrumbList","@id":"https:\/\/www.solivin.com\/cs\/pro-partnery\/#breadcrumb","itemListElement":[{"@type":"ListItem","position":1,"name":"Home","item":"https:\/\/www.solivin.com\/cs\/"},{"@type":"ListItem","position":2,"name":"PARTNE\u0158I"}]}]}},"_links":{"self":[{"href":"https:\/\/www.solivin.com\/cs\/wp-json\/wp\/v2\/pages\/1868"}],"collection":[{"href":"https:\/\/www.solivin.com\/cs\/wp-json\/wp\/v2\/pages"}],"about":[{"href":"https:\/\/www.solivin.com\/cs\/wp-json\/wp\/v2\/types\/page"}],"author":[{"embeddable":true,"href":"https:\/\/www.solivin.com\/cs\/wp-json\/wp\/v2\/users\/2"}],"replies":[{"embeddable":true,"href":"https:\/\/www.solivin.com\/cs\/wp-json\/wp\/v2\/comments?post=1868"}],"version-history":[{"count":1,"href":"https:\/\/www.solivin.com\/cs\/wp-json\/wp\/v2\/pages\/1868\/revisions"}],"predecessor-version":[{"id":2982,"href":"https:\/\/www.solivin.com\/cs\/wp-json\/wp\/v2\/pages\/1868\/revisions\/2982"}],"wp:attachment":[{"href":"https:\/\/www.solivin.com\/cs\/wp-json\/wp\/v2\/media?parent=1868"}],"curies":[{"name":"wp","href":"https:\/\/api.w.org\/{rel}","templated":true}]}}