{"id":1885,"date":"2021-06-02T23:49:08","date_gmt":"2021-06-02T21:49:08","guid":{"rendered":"https:\/\/www.solivin.com\/%d1%81%d0%be%d1%81%d1%82%d0%b0%d0%b2\/"},"modified":"2021-12-04T20:55:40","modified_gmt":"2021-12-04T19:55:40","slug":"structure","status":"publish","type":"page","link":"https:\/\/www.solivin.com\/cs\/structure\/","title":{"rendered":"Slo\u017een\u00ed"},"content":{"rendered":"","protected":false},"excerpt":{"rendered":"","protected":false},"author":2,"featured_media":0,"parent":0,"menu_order":0,"comment_status":"closed","ping_status":"closed","template":"","meta":[],"acf":[],"yoast_head":"<!-- This site is optimized with the Yoast SEO plugin v17.6 - https:\/\/yoast.com\/wordpress\/plugins\/seo\/ -->\n<title>Slo\u017een\u00ed - SOLIVIN COM CZ<\/title>\n<meta name=\"description\" content=\"Mast SOLIVIN\u00ae je vyv\u00e1\u017eenou kombinac\u00ed p\u0159\u00edrodn\u00edch \u00fa\u010dinn\u00fdch l\u00e1tek, kter\u00e9 umo\u017e\u0148uj\u00ed dos\u00e1hnout p\u0159\u00edzniv\u00e9ho v\u00fdsledku u lid\u00ed trp\u00edc\u00edch dermat\u00f3zami r\u016fzn\u00e9ho p\u016fvodu.\" \/>\n<meta name=\"robots\" content=\"index, follow, max-snippet:-1, max-image-preview:large, max-video-preview:-1\" \/>\n<link rel=\"canonical\" href=\"https:\/\/www.solivin.com\/cs\/structure\/\" \/>\n<meta property=\"og:locale\" content=\"cs_CZ\" \/>\n<meta property=\"og:type\" content=\"article\" \/>\n<meta property=\"og:title\" content=\"Slo\u017een\u00ed - SOLIVIN COM CZ\" \/>\n<meta property=\"og:description\" content=\"Mast SOLIVIN\u00ae je vyv\u00e1\u017eenou kombinac\u00ed p\u0159\u00edrodn\u00edch \u00fa\u010dinn\u00fdch l\u00e1tek, kter\u00e9 umo\u017e\u0148uj\u00ed dos\u00e1hnout p\u0159\u00edzniv\u00e9ho v\u00fdsledku u lid\u00ed trp\u00edc\u00edch dermat\u00f3zami r\u016fzn\u00e9ho p\u016fvodu.\" \/>\n<meta property=\"og:url\" content=\"https:\/\/www.solivin.com\/cs\/structure\/\" \/>\n<meta property=\"og:site_name\" content=\"SOLIVIN COM CZ\" \/>\n<meta property=\"article:modified_time\" content=\"2021-12-04T19:55:40+00:00\" \/>\n<meta name=\"twitter:card\" content=\"summary_large_image\" \/>\n<script type=\"application\/ld+json\" class=\"yoast-schema-graph\">{\"@context\":\"https:\/\/schema.org\",\"@graph\":[{\"@type\":\"WebSite\",\"@id\":\"https:\/\/www.solivin.com\/cs\/#website\",\"url\":\"https:\/\/www.solivin.com\/cs\/\",\"name\":\"SOLIVIN COM CZ\",\"description\":\"\",\"potentialAction\":[{\"@type\":\"SearchAction\",\"target\":{\"@type\":\"EntryPoint\",\"urlTemplate\":\"https:\/\/www.solivin.com\/cs\/?s={search_term_string}\"},\"query-input\":\"required name=search_term_string\"}],\"inLanguage\":\"cs\"},{\"@type\":\"WebPage\",\"@id\":\"https:\/\/www.solivin.com\/cs\/structure\/#webpage\",\"url\":\"https:\/\/www.solivin.com\/cs\/structure\/\",\"name\":\"Slo\\u017een\\u00ed - SOLIVIN COM CZ\",\"isPartOf\":{\"@id\":\"https:\/\/www.solivin.com\/cs\/#website\"},\"datePublished\":\"2021-06-02T21:49:08+00:00\",\"dateModified\":\"2021-12-04T19:55:40+00:00\",\"description\":\"Mast SOLIVIN\\u00ae je vyv\\u00e1\\u017eenou kombinac\\u00ed p\\u0159\\u00edrodn\\u00edch \\u00fa\\u010dinn\\u00fdch l\\u00e1tek, kter\\u00e9 umo\\u017e\\u0148uj\\u00ed dos\\u00e1hnout p\\u0159\\u00edzniv\\u00e9ho v\\u00fdsledku u lid\\u00ed trp\\u00edc\\u00edch dermat\\u00f3zami r\\u016fzn\\u00e9ho p\\u016fvodu.\",\"breadcrumb\":{\"@id\":\"https:\/\/www.solivin.com\/cs\/structure\/#breadcrumb\"},\"inLanguage\":\"cs\",\"potentialAction\":[{\"@type\":\"ReadAction\",\"target\":[\"https:\/\/www.solivin.com\/cs\/structure\/\"]}]},{\"@type\":\"BreadcrumbList\",\"@id\":\"https:\/\/www.solivin.com\/cs\/structure\/#breadcrumb\",\"itemListElement\":[{\"@type\":\"ListItem\",\"position\":1,\"name\":\"Home\",\"item\":\"https:\/\/www.solivin.com\/cs\/\"},{\"@type\":\"ListItem\",\"position\":2,\"name\":\"Slo\\u017een\\u00ed\"}]}]}<\/script>\n<!-- \/ Yoast SEO plugin. -->","yoast_head_json":{"title":"Slo\u017een\u00ed - SOLIVIN COM CZ","description":"Mast SOLIVIN\u00ae je vyv\u00e1\u017eenou kombinac\u00ed p\u0159\u00edrodn\u00edch \u00fa\u010dinn\u00fdch l\u00e1tek, kter\u00e9 umo\u017e\u0148uj\u00ed dos\u00e1hnout p\u0159\u00edzniv\u00e9ho v\u00fdsledku u lid\u00ed trp\u00edc\u00edch dermat\u00f3zami r\u016fzn\u00e9ho p\u016fvodu.","robots":{"index":"index","follow":"follow","max-snippet":"max-snippet:-1","max-image-preview":"max-image-preview:large","max-video-preview":"max-video-preview:-1"},"canonical":"https:\/\/www.solivin.com\/cs\/structure\/","og_locale":"cs_CZ","og_type":"article","og_title":"Slo\u017een\u00ed - SOLIVIN COM CZ","og_description":"Mast SOLIVIN\u00ae je vyv\u00e1\u017eenou kombinac\u00ed p\u0159\u00edrodn\u00edch \u00fa\u010dinn\u00fdch l\u00e1tek, kter\u00e9 umo\u017e\u0148uj\u00ed dos\u00e1hnout p\u0159\u00edzniv\u00e9ho v\u00fdsledku u lid\u00ed trp\u00edc\u00edch dermat\u00f3zami r\u016fzn\u00e9ho p\u016fvodu.","og_url":"https:\/\/www.solivin.com\/cs\/structure\/","og_site_name":"SOLIVIN COM CZ","article_modified_time":"2021-12-04T19:55:40+00:00","twitter_card":"summary_large_image","schema":{"@context":"https:\/\/schema.org","@graph":[{"@type":"WebSite","@id":"https:\/\/www.solivin.com\/cs\/#website","url":"https:\/\/www.solivin.com\/cs\/","name":"SOLIVIN COM CZ","description":"","potentialAction":[{"@type":"SearchAction","target":{"@type":"EntryPoint","urlTemplate":"https:\/\/www.solivin.com\/cs\/?s={search_term_string}"},"query-input":"required name=search_term_string"}],"inLanguage":"cs"},{"@type":"WebPage","@id":"https:\/\/www.solivin.com\/cs\/structure\/#webpage","url":"https:\/\/www.solivin.com\/cs\/structure\/","name":"Slo\u017een\u00ed - SOLIVIN COM CZ","isPartOf":{"@id":"https:\/\/www.solivin.com\/cs\/#website"},"datePublished":"2021-06-02T21:49:08+00:00","dateModified":"2021-12-04T19:55:40+00:00","description":"Mast SOLIVIN\u00ae je vyv\u00e1\u017eenou kombinac\u00ed p\u0159\u00edrodn\u00edch \u00fa\u010dinn\u00fdch l\u00e1tek, kter\u00e9 umo\u017e\u0148uj\u00ed dos\u00e1hnout p\u0159\u00edzniv\u00e9ho v\u00fdsledku u lid\u00ed trp\u00edc\u00edch dermat\u00f3zami r\u016fzn\u00e9ho p\u016fvodu.","breadcrumb":{"@id":"https:\/\/www.solivin.com\/cs\/structure\/#breadcrumb"},"inLanguage":"cs","potentialAction":[{"@type":"ReadAction","target":["https:\/\/www.solivin.com\/cs\/structure\/"]}]},{"@type":"BreadcrumbList","@id":"https:\/\/www.solivin.com\/cs\/structure\/#breadcrumb","itemListElement":[{"@type":"ListItem","position":1,"name":"Home","item":"https:\/\/www.solivin.com\/cs\/"},{"@type":"ListItem","position":2,"name":"Slo\u017een\u00ed"}]}]}},"_links":{"self":[{"href":"https:\/\/www.solivin.com\/cs\/wp-json\/wp\/v2\/pages\/1885"}],"collection":[{"href":"https:\/\/www.solivin.com\/cs\/wp-json\/wp\/v2\/pages"}],"about":[{"href":"https:\/\/www.solivin.com\/cs\/wp-json\/wp\/v2\/types\/page"}],"author":[{"embeddable":true,"href":"https:\/\/www.solivin.com\/cs\/wp-json\/wp\/v2\/users\/2"}],"replies":[{"embeddable":true,"href":"https:\/\/www.solivin.com\/cs\/wp-json\/wp\/v2\/comments?post=1885"}],"version-history":[{"count":1,"href":"https:\/\/www.solivin.com\/cs\/wp-json\/wp\/v2\/pages\/1885\/revisions"}],"predecessor-version":[{"id":2979,"href":"https:\/\/www.solivin.com\/cs\/wp-json\/wp\/v2\/pages\/1885\/revisions\/2979"}],"wp:attachment":[{"href":"https:\/\/www.solivin.com\/cs\/wp-json\/wp\/v2\/media?parent=1885"}],"curies":[{"name":"wp","href":"https:\/\/api.w.org\/{rel}","templated":true}]}}