{"id":1471,"date":"2021-05-27T00:20:37","date_gmt":"2021-05-26T22:20:37","guid":{"rendered":"https:\/\/www.solivin.com\/homepage\/"},"modified":"2021-12-02T12:06:07","modified_gmt":"2021-12-02T11:06:07","slug":"homepage","status":"publish","type":"page","link":"https:\/\/www.solivin.com\/pl\/","title":{"rendered":"homepage"},"content":{"rendered":"","protected":false},"excerpt":{"rendered":"","protected":false},"author":2,"featured_media":0,"parent":0,"menu_order":0,"comment_status":"closed","ping_status":"closed","template":"","meta":[],"acf":[],"yoast_head":"<!-- This site is optimized with the Yoast SEO plugin v17.6 - https:\/\/yoast.com\/wordpress\/plugins\/seo\/ -->\n<title>homepage - SOLIVIN COM PL<\/title>\n<meta name=\"description\" content=\"Ma\u015b\u0107 polecana jest do regularnej piel\u0119gnacji sk\u00f3ry problematycznej u os\u00f3b cierpi\u0105cych na dermatozy r\u00f3\u017cnego pochodzenia, w tym przewlek\u0142e choroby sk\u00f3ry takie jak \u0142uszczyca, liszaj prosty przewlek\u0142y, egzema czy atopowe zapalenie sk\u00f3ry.\" \/>\n<meta name=\"robots\" content=\"index, follow, max-snippet:-1, max-image-preview:large, max-video-preview:-1\" \/>\n<link rel=\"canonical\" href=\"https:\/\/www.solivin.com\/pl\/\" \/>\n<meta property=\"og:locale\" content=\"pl_PL\" \/>\n<meta property=\"og:type\" content=\"article\" \/>\n<meta property=\"og:title\" content=\"homepage - SOLIVIN COM PL\" \/>\n<meta property=\"og:description\" content=\"Ma\u015b\u0107 polecana jest do regularnej piel\u0119gnacji sk\u00f3ry problematycznej u os\u00f3b cierpi\u0105cych na dermatozy r\u00f3\u017cnego pochodzenia, w tym przewlek\u0142e choroby sk\u00f3ry takie jak \u0142uszczyca, liszaj prosty przewlek\u0142y, egzema czy atopowe zapalenie sk\u00f3ry.\" \/>\n<meta property=\"og:url\" content=\"https:\/\/www.solivin.com\/pl\/\" \/>\n<meta property=\"og:site_name\" content=\"SOLIVIN COM PL\" \/>\n<meta property=\"article:modified_time\" content=\"2021-12-02T11:06:07+00:00\" \/>\n<meta name=\"twitter:card\" content=\"summary_large_image\" \/>\n<script type=\"application\/ld+json\" class=\"yoast-schema-graph\">{\"@context\":\"https:\/\/schema.org\",\"@graph\":[{\"@type\":\"WebSite\",\"@id\":\"https:\/\/www.solivin.com\/cs\/#website\",\"url\":\"https:\/\/www.solivin.com\/cs\/\",\"name\":\"SOLIVIN COM PL\",\"description\":\"\",\"potentialAction\":[{\"@type\":\"SearchAction\",\"target\":{\"@type\":\"EntryPoint\",\"urlTemplate\":\"https:\/\/www.solivin.com\/cs\/?s={search_term_string}\"},\"query-input\":\"required name=search_term_string\"}],\"inLanguage\":\"pl-PL\"},{\"@type\":\"WebPage\",\"@id\":\"https:\/\/www.solivin.com\/pl\/#webpage\",\"url\":\"https:\/\/www.solivin.com\/pl\/\",\"name\":\"homepage - SOLIVIN COM PL\",\"isPartOf\":{\"@id\":\"https:\/\/www.solivin.com\/cs\/#website\"},\"datePublished\":\"2021-05-26T22:20:37+00:00\",\"dateModified\":\"2021-12-02T11:06:07+00:00\",\"description\":\"Ma\\u015b\\u0107 polecana jest do regularnej piel\\u0119gnacji sk\\u00f3ry problematycznej u os\\u00f3b cierpi\\u0105cych na dermatozy r\\u00f3\\u017cnego pochodzenia, w tym przewlek\\u0142e choroby sk\\u00f3ry takie jak \\u0142uszczyca, liszaj prosty przewlek\\u0142y, egzema czy atopowe zapalenie sk\\u00f3ry.\",\"breadcrumb\":{\"@id\":\"https:\/\/www.solivin.com\/pl\/#breadcrumb\"},\"inLanguage\":\"pl-PL\",\"potentialAction\":[{\"@type\":\"ReadAction\",\"target\":[\"https:\/\/www.solivin.com\/pl\/\"]}]},{\"@type\":\"BreadcrumbList\",\"@id\":\"https:\/\/www.solivin.com\/pl\/#breadcrumb\",\"itemListElement\":[{\"@type\":\"ListItem\",\"position\":1,\"name\":\"Home\",\"item\":\"https:\/\/www.solivin.com\/pl\/\"},{\"@type\":\"ListItem\",\"position\":2,\"name\":\"homepage\"}]}]}<\/script>\n<!-- \/ Yoast SEO plugin. -->","yoast_head_json":{"title":"homepage - SOLIVIN COM PL","description":"Ma\u015b\u0107 polecana jest do regularnej piel\u0119gnacji sk\u00f3ry problematycznej u os\u00f3b cierpi\u0105cych na dermatozy r\u00f3\u017cnego pochodzenia, w tym przewlek\u0142e choroby sk\u00f3ry takie jak \u0142uszczyca, liszaj prosty przewlek\u0142y, egzema czy atopowe zapalenie sk\u00f3ry.","robots":{"index":"index","follow":"follow","max-snippet":"max-snippet:-1","max-image-preview":"max-image-preview:large","max-video-preview":"max-video-preview:-1"},"canonical":"https:\/\/www.solivin.com\/pl\/","og_locale":"pl_PL","og_type":"article","og_title":"homepage - SOLIVIN COM PL","og_description":"Ma\u015b\u0107 polecana jest do regularnej piel\u0119gnacji sk\u00f3ry problematycznej u os\u00f3b cierpi\u0105cych na dermatozy r\u00f3\u017cnego pochodzenia, w tym przewlek\u0142e choroby sk\u00f3ry takie jak \u0142uszczyca, liszaj prosty przewlek\u0142y, egzema czy atopowe zapalenie sk\u00f3ry.","og_url":"https:\/\/www.solivin.com\/pl\/","og_site_name":"SOLIVIN COM PL","article_modified_time":"2021-12-02T11:06:07+00:00","twitter_card":"summary_large_image","schema":{"@context":"https:\/\/schema.org","@graph":[{"@type":"WebSite","@id":"https:\/\/www.solivin.com\/cs\/#website","url":"https:\/\/www.solivin.com\/cs\/","name":"SOLIVIN COM PL","description":"","potentialAction":[{"@type":"SearchAction","target":{"@type":"EntryPoint","urlTemplate":"https:\/\/www.solivin.com\/cs\/?s={search_term_string}"},"query-input":"required name=search_term_string"}],"inLanguage":"pl-PL"},{"@type":"WebPage","@id":"https:\/\/www.solivin.com\/pl\/#webpage","url":"https:\/\/www.solivin.com\/pl\/","name":"homepage - SOLIVIN COM PL","isPartOf":{"@id":"https:\/\/www.solivin.com\/cs\/#website"},"datePublished":"2021-05-26T22:20:37+00:00","dateModified":"2021-12-02T11:06:07+00:00","description":"Ma\u015b\u0107 polecana jest do regularnej piel\u0119gnacji sk\u00f3ry problematycznej u os\u00f3b cierpi\u0105cych na dermatozy r\u00f3\u017cnego pochodzenia, w tym przewlek\u0142e choroby sk\u00f3ry takie jak \u0142uszczyca, liszaj prosty przewlek\u0142y, egzema czy atopowe zapalenie sk\u00f3ry.","breadcrumb":{"@id":"https:\/\/www.solivin.com\/pl\/#breadcrumb"},"inLanguage":"pl-PL","potentialAction":[{"@type":"ReadAction","target":["https:\/\/www.solivin.com\/pl\/"]}]},{"@type":"BreadcrumbList","@id":"https:\/\/www.solivin.com\/pl\/#breadcrumb","itemListElement":[{"@type":"ListItem","position":1,"name":"Home","item":"https:\/\/www.solivin.com\/pl\/"},{"@type":"ListItem","position":2,"name":"homepage"}]}]}},"_links":{"self":[{"href":"https:\/\/www.solivin.com\/pl\/wp-json\/wp\/v2\/pages\/1471"}],"collection":[{"href":"https:\/\/www.solivin.com\/pl\/wp-json\/wp\/v2\/pages"}],"about":[{"href":"https:\/\/www.solivin.com\/pl\/wp-json\/wp\/v2\/types\/page"}],"author":[{"embeddable":true,"href":"https:\/\/www.solivin.com\/pl\/wp-json\/wp\/v2\/users\/2"}],"replies":[{"embeddable":true,"href":"https:\/\/www.solivin.com\/pl\/wp-json\/wp\/v2\/comments?post=1471"}],"version-history":[{"count":1,"href":"https:\/\/www.solivin.com\/pl\/wp-json\/wp\/v2\/pages\/1471\/revisions"}],"predecessor-version":[{"id":2958,"href":"https:\/\/www.solivin.com\/pl\/wp-json\/wp\/v2\/pages\/1471\/revisions\/2958"}],"wp:attachment":[{"href":"https:\/\/www.solivin.com\/pl\/wp-json\/wp\/v2\/media?parent=1471"}],"curies":[{"name":"wp","href":"https:\/\/api.w.org\/{rel}","templated":true}]}}