{"id":1550,"date":"2021-04-13T00:03:22","date_gmt":"2021-04-12T22:03:22","guid":{"rendered":"https:\/\/www.solivin.com\/products\/"},"modified":"2021-12-02T12:37:41","modified_gmt":"2021-12-02T11:37:41","slug":"products","status":"publish","type":"page","link":"https:\/\/www.solivin.com\/pl\/products\/","title":{"rendered":"Produkty"},"content":{"rendered":"<section id=\"section-15-1550\" class=\" ct-section woocommerce\" ><div class=\"ct-section-inner-wrap\"><div id=\"_dynamic_list-16-1550\"  class=\"oxy-dynamic-list\"  ><div id=\"div_block-17-1550\" class=\"ct-div-block\" >\n\t\t<div id=\"-product-images-18-1550\" class=\"oxy-product-images oxy-woo-element\"><div class=\"woocommerce-product-gallery woocommerce-product-gallery--with-images woocommerce-product-gallery--columns-4 images\" data-columns=\"4\" style=\"opacity: 0; transition: opacity .25s ease-in-out;\">\n\t<figure class=\"woocommerce-product-gallery__wrapper\">\n\t\t<div data-thumb=\"https:\/\/www.solivin.com\/wp-content\/uploads\/2021\/04\/jednobalenie-web-v1-100x100.png\" data-thumb-alt=\"\" class=\"woocommerce-product-gallery__image\"><a href=\"https:\/\/www.solivin.com\/wp-content\/uploads\/2021\/04\/jednobalenie-web-v1.png\"><img width=\"600\" height=\"600\" src=\"https:\/\/www.solivin.com\/wp-content\/uploads\/2021\/04\/jednobalenie-web-v1-600x600.png\" class=\"wp-post-image\" alt=\"\" loading=\"lazy\" title=\"jednobalenie-web-v1\" data-caption=\"\" data-src=\"https:\/\/www.solivin.com\/wp-content\/uploads\/2021\/04\/jednobalenie-web-v1.png\" data-large_image=\"https:\/\/www.solivin.com\/wp-content\/uploads\/2021\/04\/jednobalenie-web-v1.png\" data-large_image_width=\"700\" data-large_image_height=\"700\" srcset=\"https:\/\/www.solivin.com\/wp-content\/uploads\/2021\/04\/jednobalenie-web-v1-600x600.png 600w, https:\/\/www.solivin.com\/wp-content\/uploads\/2021\/04\/jednobalenie-web-v1-300x300.png 300w, https:\/\/www.solivin.com\/wp-content\/uploads\/2021\/04\/jednobalenie-web-v1-100x100.png 100w, https:\/\/www.solivin.com\/wp-content\/uploads\/2021\/04\/jednobalenie-web-v1-150x150.png 150w, https:\/\/www.solivin.com\/wp-content\/uploads\/2021\/04\/jednobalenie-web-v1.png 700w\" sizes=\"(max-width: 600px) 100vw, 600px\" \/><\/a><\/div>\t<\/figure>\n<\/div>\n<\/div>\n\n\t\t<div id=\"div_block-19-1550\" class=\"ct-div-block\" ><div id=\"div_block-20-1550\" class=\"ct-div-block\" >\n\t\t<h2 id=\"-product-title-21-1550\" class=\"oxy-product-title product_title entry-title oxy-woo-element\">Solivin<\/h2>\n\n\t\t\n\t\t<div id=\"-product-price-22-1550\" class=\"oxy-product-price oxy-woo-element\"><p class=\"price\"><span class=\"woocommerce-Price-amount amount\"><bdi>24.00&nbsp;<span class=\"woocommerce-Price-currencySymbol\">&euro;<\/span><\/bdi><\/span><\/p>\n<\/div>\n\n\t\t<\/div><div id=\"div_block-23-1550\" class=\"ct-div-block\" ><a id=\"link_text-44-1550\" class=\"ct-link-text\" href=\"https:\/\/eshop.solivin.com\/\" target=\"_blank\"  >DODAJ DO KOSZYKA<\/a><\/div><\/div><\/div><div id=\"div_block-17-1550\" class=\"ct-div-block\" >\n\t\t<div id=\"-product-images-18-1550\" class=\"oxy-product-images oxy-woo-element\"><div class=\"woocommerce-product-gallery woocommerce-product-gallery--with-images woocommerce-product-gallery--columns-4 images\" data-columns=\"4\" style=\"opacity: 0; transition: opacity .25s ease-in-out;\">\n\t<figure class=\"woocommerce-product-gallery__wrapper\">\n\t\t<div data-thumb=\"https:\/\/www.solivin.com\/wp-content\/uploads\/2021\/04\/trojbalenie-web-100x100.jpg\" data-thumb-alt=\"\" class=\"woocommerce-product-gallery__image\"><a href=\"https:\/\/www.solivin.com\/wp-content\/uploads\/2021\/04\/trojbalenie-web.jpg\"><img width=\"600\" height=\"600\" src=\"https:\/\/www.solivin.com\/wp-content\/uploads\/2021\/04\/trojbalenie-web-600x600.jpg\" class=\"wp-post-image\" alt=\"\" loading=\"lazy\" title=\"trojbalenie-web\" data-caption=\"\" data-src=\"https:\/\/www.solivin.com\/wp-content\/uploads\/2021\/04\/trojbalenie-web.jpg\" data-large_image=\"https:\/\/www.solivin.com\/wp-content\/uploads\/2021\/04\/trojbalenie-web.jpg\" data-large_image_width=\"700\" data-large_image_height=\"700\" srcset=\"https:\/\/www.solivin.com\/wp-content\/uploads\/2021\/04\/trojbalenie-web-600x600.jpg 600w, https:\/\/www.solivin.com\/wp-content\/uploads\/2021\/04\/trojbalenie-web-300x300.jpg 300w, https:\/\/www.solivin.com\/wp-content\/uploads\/2021\/04\/trojbalenie-web-150x150.jpg 150w, https:\/\/www.solivin.com\/wp-content\/uploads\/2021\/04\/trojbalenie-web-100x100.jpg 100w, https:\/\/www.solivin.com\/wp-content\/uploads\/2021\/04\/trojbalenie-web.jpg 700w\" sizes=\"(max-width: 600px) 100vw, 600px\" \/><\/a><\/div>\t<\/figure>\n<\/div>\n<\/div>\n\n\t\t<div id=\"div_block-19-1550\" class=\"ct-div-block\" ><div id=\"div_block-20-1550\" class=\"ct-div-block\" >\n\t\t<h2 id=\"-product-title-21-1550\" class=\"oxy-product-title product_title entry-title oxy-woo-element\">Solivin 3 Pack<\/h2>\n\n\t\t\n\t\t<div id=\"-product-price-22-1550\" class=\"oxy-product-price oxy-woo-element\"><p class=\"price\"><span class=\"woocommerce-Price-amount amount\"><bdi>60.00&nbsp;<span class=\"woocommerce-Price-currencySymbol\">&euro;<\/span><\/bdi><\/span><\/p>\n<\/div>\n\n\t\t<\/div><div id=\"div_block-23-1550\" class=\"ct-div-block\" ><a id=\"link_text-44-1550\" class=\"ct-link-text\" href=\"https:\/\/eshop.solivin.com\/\" target=\"_blank\"  >DODAJ DO KOSZYKA<\/a><\/div><\/div><\/div>                    \n                                            \n                                        \n                    <\/div><\/div><\/section><section id=\"section-2-1006\" class=\" ct-section\" ><div class=\"ct-section-inner-wrap\"><a id=\"link_text-62-1550\" class=\"ct-link-text\" href=\"https:\/\/www.solivin.com\/wp-content\/uploads\/2021\/11\/Letak-SOLIVIN-multi-fin.pdf\" target=\"_blank\"  >ULOTKA DO\u0141\u0104CZONA DO OPAKOWANIA \u2013 INFORMACJA DLA PACJENTA<\/a><div id=\"shortcode-3-1006\" class=\"ct-shortcode\" ><h3>OPIS<\/h3>\n<p>Jednorodna masa o \u015bredniej lepko\u015bci oliwkowego koloru o specyficznym zapachu. Ma\u015b\u0107 jest odpowiednia do ka\u017cdego rodzaju sk\u00f3ry, ma dobr\u0105 tolerancj\u0119, nie podra\u017cnia sk\u00f3ry, nie posiada \u017cadnych ogranicze\u0144 co do obszaru, cz\u0119stotliwo\u015bci lub czasu stosowania. Nie zawiera hormon\u00f3w, barwnik\u00f3w i zapach\u00f3w, nie uzale\u017cnia. Dobrze si\u0119 wch\u0142ania.<\/p>\n<h3>SK\u0141AD<\/h3>\n<p>Ma\u015b\u0107 zawiera zr\u00f3wnowa\u017cone po\u0142\u0105czenie czynnych substancji specjalnie dobranych do skutecznego oddzia\u0142ywania na sk\u00f3r\u0119. Oleje mineralne i ro\u015blinne, mi\u00f3d pszczeli uczep tr\u00f3jlistkowy, rumianek, witamina A, olej lawendowy, olej eukaliptusowy, olej cedrowy, kwas salicylowy, wyci\u0105g z jod\u0142y syberyjskiej.<\/p>\n<h3>WSKAZANIA<\/h3>\n<p>Do profilaktycznej piel\u0119gnacji problematycznej sk\u00f3ry sk\u0142onnej do podra\u017cnie\u0144, zaczerwienie\u0144, \u0142uszczenia, sw\u0119dzenia i sucho\u015bci.<\/p>\n<h3>PRZEZNACZENIE<\/h3>\n<p>SOLIVIN\u00ae posiada dzia\u0142anie przeciwzapalne, zmi\u0119kczaj\u0105ce, z\u0142uszczaj\u0105ce i regeneracyjne. Przyczynia si\u0119 do odbudowy bariery lipidowej sk\u00f3ry, jej integralno\u015bci i funkcjonalno\u015bci. Normalizuje nawil\u017cenie sk\u00f3ry.<\/p>\n<h3>W\u0141A\u015aCIWO\u015aCI I DZIA\u0141ANIE<\/h3>\n<p>Sk\u0142adniki ma\u015bci SOLIVIN\u00ae skutecznie wp\u0142ywaj\u0105 na obszar zapalenia, oczyszczaj\u0105 g\u00f3rn\u0105 warstw\u0119 sk\u00f3ry ze zrogowacia\u0142ych kom\u00f3rek, zapewniaj\u0105 wysok\u0105 skuteczno\u015b\u0107 substancji biologicznie aktywnych, chroni\u0105 g\u00f3rn\u0105 warstw\u0119 sk\u00f3ry, wspieraj\u0105 szybkie przywr\u00f3cenie integralno\u015bci sk\u00f3ry. Zr\u00f3wnowa\u017cone po\u0142\u0105czenie sk\u0142adnik\u00f3w, kt\u00f3re zawiera ma\u015b\u0107, pozwala osi\u0105gn\u0105\u0107 korzystny wynik bez skutk\u00f3w ubocznych lub komplikacji.<\/p>\n<h3>PRZECIWWSKAZANIA<\/h3>\n<p>Nie zosta\u0142y wykryte. Nietolerancja poszczeg\u00f3lnych sk\u0142adnik\u00f3w jest mo\u017cliwa.<\/p>\n<h3>SPOS\u00d3B STOSOWANIA<\/h3>\n<p>Ma\u015b\u0107 delikatnie nak\u0142ada si\u0119 cienk\u0105 warstw\u0105 na obszary problemowe sk\u00f3ry 1-2 razy dziennie. Ma\u015bci NIE WCIERA\u0106 w sk\u00f3r\u0119! Pozostawi\u0107 do oddzia\u0142ywania przez oko\u0142o 1 godzin\u0119. Czas stosowania wynosi od 1 do 4 miesi\u0119cy przy regularnym codziennym stosowaniu.<\/p>\n<h3>ZALECENIA DOTYCZ\u0104CE STOSOWANIA MA\u015aCI:<\/h3>\n<ul>\n<li>Nie przykrywa\u0107, nie u\u017cywa\u0107 banda\u017cy uciskowych b\u0105d\u017a innych opatrunk\u00f3w<\/li>\n<li>w ci\u0105gu pierwszych dw\u00f3ch tygodni stosowania ma\u015bci zaleca si\u0119 przyjmowanie lek\u00f3w przeciwhistaminowych, aby zapobiec ewentualnym reakcjom na poszczeg\u00f3lne sk\u0142adniki ma\u015bci<\/li>\n<li>zabiegi wodne (prysznic, k\u0105piel) mo\u017cna wykonywa\u0107 codziennie, natomiast nie mniej ni\u017c trzy razy w tygodniu<\/li>\n<li>w czasie stosowania ma\u015bci zaleca si\u0119 ograniczenie wizyt w saunie (parowej, fi\u0144skiej) procedur z gor\u0105c\u0105 wod\u0105 (prysznic, k\u0105piel) o temperaturze wody powy\u017cej 45 \u00b0C,<\/li>\n<li>nie zaleca si\u0119 stosowania peelingu, myjek lub innych szorstkich \u015brodk\u00f3w pomocniczych, kt\u00f3re mog\u0142yby podra\u017cnia\u0107 sk\u00f3r\u0119<\/li>\n<li>w przypadku uczucia sucho\u015bci sk\u00f3ry po zabiegach wodnych wskazane jest stosowanie kremu dla dzieci lub innych krem\u00f3w o podobnym sk\u0142adzie<\/li>\n<li>nie zaleca si\u0119 stosowania ma\u015bci razem z kremami i ma\u015bciami hormonalnymi;<\/li>\n<li>nie zaleca si\u0119 spo\u017cywania napoj\u00f3w alkoholowych<\/li>\n<li>zaleca si\u0119 rzuci\u0107 lub ograniczy\u0107 palenie<\/li>\n<li>ograniczy\u0107 spo\u017cywanie w\u0119dlin, potraw sma\u017conych, t\u0142ustych lub pikantnych<\/li>\n<li>zalecany jest pe\u0142nowarto\u015bciowy sen i wskazane jest unikanie stresuj\u0105cych sytuacji<\/li>\n<\/ul>\n<h3>SOLIVIN\u00ae<\/h3>\n<p>Nie zaleca si\u0119 stosowania myjek lub innych szorstkich \u015brodk\u00f3w pomocniczych, kt\u00f3re mog\u0142yby podra\u017cni\u0107 sk\u00f3r\u0119.<br \/>\nMa\u015b\u0107 do piel\u0119gnacji sk\u00f3ry.<br \/>\nDo u\u017cytku zewn\u0119trznego.<\/p>\n<p><strong>OPAKOWANIE:<\/strong> Tuba, 100g ma\u015bci.<\/p>\n<p><strong>WARUNKI PRZECHOWYWANIA<\/strong><\/p>\n<p>Krem zaleca si\u0119 przechowywa\u0107 w temperaturze pokojowej do +25\u00b0C w miejscu niedost\u0119pnym dla dzieci. Nie przechowywa\u0107 w bezpo\u015brednim \u015bwietle s\u0142onecznym lub w pobli\u017cu grzejnik\u00f3w.<\/p>\n<p><strong>DATA WA\u017bNO\u015aCI<\/strong><\/p>\n<p>Po otwarciu tuby ma\u015b\u0107 nale\u017cy zu\u017cy\u0107 w ci\u0105gu 6 miesi\u0119cy.<br \/>\n3 lata od daty produkcji. Data produkcji znajduje si\u0119 na spoinie tuby.<\/p>\n<h2><strong>UWAGA! <\/strong><\/h2>\n<p><strong>Ma\u015b\u0107 SOLIVIN\u00ae nie jest lekarstwem.<\/strong><\/p>\n<\/div><\/div><\/section><section id=\"section-4-1006\" class=\" ct-section\" ><div class=\"ct-section-inner-wrap\">\n\t\t<div id=\"-shape-divider-5-1006\" class=\"oxy-shape-divider \">        \n        <div class=\"oxy_shape_divider oxy_shape_divider_top\" style=\"transform:  scaleY(-1)\">\n            <svg xmlns=\"http:\/\/www.w3.org\/2000\/svg\" viewBox=\"0 0 1440 320\" preserveAspectRatio=\"none\"><path fill=\"currentColor\" fill-opacity=\"1\" d=\"M0,96L30,106.7C60,117,120,139,180,133.3C240,128,300,96,360,80C420,64,480,64,540,101.3C600,139,660,213,720,240C780,267,840,245,900,245.3C960,245,1020,267,1080,250.7C1140,235,1200,181,1260,176C1320,171,1380,213,1410,234.7L1440,256L1440,320L1410,320C1380,320,1320,320,1260,320C1200,320,1140,320,1080,320C1020,320,960,320,900,320C840,320,780,320,720,320C660,320,600,320,540,320C480,320,420,320,360,320C300,320,240,320,180,320C120,320,60,320,30,320L0,320Z\"><\/path><\/svg>        <\/div>\n\n        <\/div>\n\n\t\t<\/div><\/section><section id=\"section-1-331\" class=\" ct-section\" ><div class=\"ct-section-inner-wrap\"><div id=\"div_block-5-331\" class=\"ct-div-block\" ><div id=\"div_block-8-331\" class=\"ct-div-block\" ><div id=\"code_block-18-331\" class=\"ct-code-block\" ><img loading=\"lazy\" src=\"https:\/\/www.solivin.com\/wp-content\/uploads\/2021\/11\/logo_purotrade_v211-1.svg\" alt=\"SOLIVIN\u00ae\" width=\"150px\" height=\"auto\"><\/div><\/div><div id=\"div_block-10-331\" class=\"ct-div-block\" ><div id=\"code_block-13-331\" class=\"ct-code-block\" ><div class=\"contact\">\n  \n  <p>\n    Producent:\n  <\/p>\n  \n  <p>\n  \t<strong>PUROTRADE GLOBAL s.r.o.<\/strong>\n  <\/p>\n  \n  <p>\n  \tKon\u011bvova 426\/35<br>\n  \t130 00, Prague<br>\n  \tCzech Republic  <\/p>\n  \n  <p>\n  \t<strong><a href=\"tel:+420 775 110 390\" target=\"_blank\">+420 775 110 390<\/a><\/strong><br>\n  \t<strong><a href=\"mailto:info@purotrade.com\" target=\"_blank\">info@purotrade.com<\/a><\/strong><br>\n  \t<strong><a href=\"https:\/\/www.purotrade.com\" target=\"_blank\">www.purotrade.com<\/a><\/strong>\n  <\/p>\n  \n  <p>\n  \t<a href=\"https:\/\/www.google.com\/maps\/dir\/\/Kon%C4%9Bvova+426,+130+00+Praha+3-%C5%BDi%C5%BEkov,+%C4%8Cesko\/@50.0882861,14.4555308,17z\/data=!4m8!4m7!1m0!1m5!1m1!1s0x470b94a046c349ed:0xc4d0dfd4bd73012e!2m2!1d14.4577195!2d50.0882827\" target=\"_blank\" class=\"btn\">NAWIGACJA<\/a>\n  <\/p>\n  \n<\/div><\/div><\/div><\/div><\/div><\/section><section id=\"section-11-1006\" class=\" ct-section\" ><div class=\"ct-section-inner-wrap\">\n\t\t<div id=\"-shape-divider-12-1006\" class=\"oxy-shape-divider \">        \n        <div class=\"oxy_shape_divider\" >\n            <svg xmlns=\"http:\/\/www.w3.org\/2000\/svg\" viewBox=\"0 0 1440 320\" preserveAspectRatio=\"none\"><path fill=\"currentColor\" fill-opacity=\"1\" d=\"M0,96L30,106.7C60,117,120,139,180,133.3C240,128,300,96,360,80C420,64,480,64,540,101.3C600,139,660,213,720,240C780,267,840,245,900,245.3C960,245,1020,267,1080,250.7C1140,235,1200,181,1260,176C1320,171,1380,213,1410,234.7L1440,256L1440,320L1410,320C1380,320,1320,320,1260,320C1200,320,1140,320,1080,320C1020,320,960,320,900,320C840,320,780,320,720,320C660,320,600,320,540,320C480,320,420,320,360,320C300,320,240,320,180,320C120,320,60,320,30,320L0,320Z\"><\/path><\/svg>        <\/div>\n\n        <\/div>\n\n\t\t<\/div><\/section><section id=\"section-7-1006\" class=\" ct-section\" ><div class=\"ct-section-inner-wrap\">\n\t\t<div id=\"-shape-divider-8-1006\" class=\"oxy-shape-divider \">        \n        <div class=\"oxy_shape_divider oxy_shape_divider_top\" style=\"transform:  scaleY(-1)\">\n            <svg xmlns=\"http:\/\/www.w3.org\/2000\/svg\" viewBox=\"0 0 1440 320\" preserveAspectRatio=\"none\"><path fill=\"currentColor\" fill-opacity=\"1\" d=\"M0,96L30,106.7C60,117,120,139,180,133.3C240,128,300,96,360,80C420,64,480,64,540,101.3C600,139,660,213,720,240C780,267,840,245,900,245.3C960,245,1020,267,1080,250.7C1140,235,1200,181,1260,176C1320,171,1380,213,1410,234.7L1440,256L1440,320L1410,320C1380,320,1320,320,1260,320C1200,320,1140,320,1080,320C1020,320,960,320,900,320C840,320,780,320,720,320C660,320,600,320,540,320C480,320,420,320,360,320C300,320,240,320,180,320C120,320,60,320,30,320L0,320Z\"><\/path><\/svg>        <\/div>\n\n        <\/div>\n\n\t\t<\/div><\/section><section id=\"section-1-223\" class=\" ct-section\" ><div class=\"ct-section-inner-wrap\">\n\t\t<div id=\"-carousel-builder-3-223\" class=\"oxy-carousel-builder \"><div class=\"oxy-carousel-builder_inner oxy-inner-content\" data-prev=\"#-carousel-builder-3-223 .oxy-carousel-builder_prev\" data-next=\"#-carousel-builder-3-223 .oxy-carousel-builder_next\" data-contain=\"true\" data-percent=\"true\" data-freescroll=\"true\" data-draggable=\"true\" data-wraparound=\"true\" data-carousel=\".oxy-dynamic-list\" data-cell=\".ct-div-block\" data-dragthreshold=\"3\" data-selectedattraction=\"0.025\" data-friction=\"0.28\" data-freescrollfriction=\"0.075\" data-forceheight=\"false\" data-fade=\"false\" data-tickerpause=\"true\" data-groupcells=\"false\" data-resume-autoplay=\"500\" data-autoplay=\"5000\" data-pauseautoplay=\"true\" data-initial=\"1\" data-accessibility=\"true\" data-cellalign=\"center\" data-righttoleft=\"false\" data-pagedots=\"true\" data-trigger-aos=\"false\" data-clickselect=\"true\" data-tick=\"false\" ><div id=\"_dynamic_list-4-223\"  class=\"oxy-dynamic-list\"  >                    \n                                            \n                                        \n                    <\/div><\/div><\/div>\n\n\t\t<a id=\"link_button-13-223\" class=\"ct-link-button btn\" href=\"http:\/\/\" target=\"_self\"  >\u041d\u0430\u043f\u0438\u0448\u0438\u0442\u0435 \u043d\u0430\u043c \u043e\u0431 \u043e\u043f\u044b\u0442\u0435<\/a><\/div><\/section>","protected":false},"excerpt":{"rendered":"","protected":false},"author":1,"featured_media":0,"parent":0,"menu_order":0,"comment_status":"closed","ping_status":"closed","template":"","meta":[],"acf":[],"yoast_head":"<!-- This site is optimized with the Yoast SEO plugin v17.6 - https:\/\/yoast.com\/wordpress\/plugins\/seo\/ -->\n<title>Produkty - SOLIVIN COM PL<\/title>\n<meta name=\"robots\" content=\"index, follow, max-snippet:-1, max-image-preview:large, max-video-preview:-1\" \/>\n<link rel=\"canonical\" href=\"https:\/\/www.solivin.com\/pl\/products\/\" \/>\n<meta property=\"og:locale\" content=\"pl_PL\" \/>\n<meta property=\"og:type\" content=\"article\" \/>\n<meta property=\"og:title\" content=\"Produkty - SOLIVIN COM PL\" \/>\n<meta property=\"og:url\" content=\"https:\/\/www.solivin.com\/pl\/products\/\" \/>\n<meta property=\"og:site_name\" content=\"SOLIVIN COM PL\" \/>\n<meta property=\"article:modified_time\" content=\"2021-12-02T11:37:41+00:00\" \/>\n<meta name=\"twitter:card\" content=\"summary_large_image\" \/>\n<script type=\"application\/ld+json\" class=\"yoast-schema-graph\">{\"@context\":\"https:\/\/schema.org\",\"@graph\":[{\"@type\":\"WebSite\",\"@id\":\"https:\/\/www.solivin.com\/cs\/#website\",\"url\":\"https:\/\/www.solivin.com\/cs\/\",\"name\":\"SOLIVIN COM PL\",\"description\":\"\",\"potentialAction\":[{\"@type\":\"SearchAction\",\"target\":{\"@type\":\"EntryPoint\",\"urlTemplate\":\"https:\/\/www.solivin.com\/cs\/?s={search_term_string}\"},\"query-input\":\"required name=search_term_string\"}],\"inLanguage\":\"pl-PL\"},{\"@type\":\"WebPage\",\"@id\":\"https:\/\/www.solivin.com\/pl\/products\/#webpage\",\"url\":\"https:\/\/www.solivin.com\/pl\/products\/\",\"name\":\"Produkty - SOLIVIN COM PL\",\"isPartOf\":{\"@id\":\"https:\/\/www.solivin.com\/cs\/#website\"},\"datePublished\":\"2021-04-12T22:03:22+00:00\",\"dateModified\":\"2021-12-02T11:37:41+00:00\",\"breadcrumb\":{\"@id\":\"https:\/\/www.solivin.com\/pl\/products\/#breadcrumb\"},\"inLanguage\":\"pl-PL\",\"potentialAction\":[{\"@type\":\"ReadAction\",\"target\":[\"https:\/\/www.solivin.com\/pl\/products\/\"]}]},{\"@type\":\"BreadcrumbList\",\"@id\":\"https:\/\/www.solivin.com\/pl\/products\/#breadcrumb\",\"itemListElement\":[{\"@type\":\"ListItem\",\"position\":1,\"name\":\"Home\",\"item\":\"https:\/\/www.solivin.com\/pl\/\"},{\"@type\":\"ListItem\",\"position\":2,\"name\":\"Produkty\"}]}]}<\/script>\n<!-- \/ Yoast SEO plugin. -->","yoast_head_json":{"title":"Produkty - SOLIVIN COM PL","robots":{"index":"index","follow":"follow","max-snippet":"max-snippet:-1","max-image-preview":"max-image-preview:large","max-video-preview":"max-video-preview:-1"},"canonical":"https:\/\/www.solivin.com\/pl\/products\/","og_locale":"pl_PL","og_type":"article","og_title":"Produkty - SOLIVIN COM PL","og_url":"https:\/\/www.solivin.com\/pl\/products\/","og_site_name":"SOLIVIN COM PL","article_modified_time":"2021-12-02T11:37:41+00:00","twitter_card":"summary_large_image","schema":{"@context":"https:\/\/schema.org","@graph":[{"@type":"WebSite","@id":"https:\/\/www.solivin.com\/cs\/#website","url":"https:\/\/www.solivin.com\/cs\/","name":"SOLIVIN COM PL","description":"","potentialAction":[{"@type":"SearchAction","target":{"@type":"EntryPoint","urlTemplate":"https:\/\/www.solivin.com\/cs\/?s={search_term_string}"},"query-input":"required name=search_term_string"}],"inLanguage":"pl-PL"},{"@type":"WebPage","@id":"https:\/\/www.solivin.com\/pl\/products\/#webpage","url":"https:\/\/www.solivin.com\/pl\/products\/","name":"Produkty - SOLIVIN COM PL","isPartOf":{"@id":"https:\/\/www.solivin.com\/cs\/#website"},"datePublished":"2021-04-12T22:03:22+00:00","dateModified":"2021-12-02T11:37:41+00:00","breadcrumb":{"@id":"https:\/\/www.solivin.com\/pl\/products\/#breadcrumb"},"inLanguage":"pl-PL","potentialAction":[{"@type":"ReadAction","target":["https:\/\/www.solivin.com\/pl\/products\/"]}]},{"@type":"BreadcrumbList","@id":"https:\/\/www.solivin.com\/pl\/products\/#breadcrumb","itemListElement":[{"@type":"ListItem","position":1,"name":"Home","item":"https:\/\/www.solivin.com\/pl\/"},{"@type":"ListItem","position":2,"name":"Produkty"}]}]}},"_links":{"self":[{"href":"https:\/\/www.solivin.com\/pl\/wp-json\/wp\/v2\/pages\/1550"}],"collection":[{"href":"https:\/\/www.solivin.com\/pl\/wp-json\/wp\/v2\/pages"}],"about":[{"href":"https:\/\/www.solivin.com\/pl\/wp-json\/wp\/v2\/types\/page"}],"author":[{"embeddable":true,"href":"https:\/\/www.solivin.com\/pl\/wp-json\/wp\/v2\/users\/1"}],"replies":[{"embeddable":true,"href":"https:\/\/www.solivin.com\/pl\/wp-json\/wp\/v2\/comments?post=1550"}],"version-history":[{"count":1,"href":"https:\/\/www.solivin.com\/pl\/wp-json\/wp\/v2\/pages\/1550\/revisions"}],"predecessor-version":[{"id":2959,"href":"https:\/\/www.solivin.com\/pl\/wp-json\/wp\/v2\/pages\/1550\/revisions\/2959"}],"wp:attachment":[{"href":"https:\/\/www.solivin.com\/pl\/wp-json\/wp\/v2\/media?parent=1550"}],"curies":[{"name":"wp","href":"https:\/\/api.w.org\/{rel}","templated":true}]}}