{"id":1552,"date":"2021-06-02T23:49:08","date_gmt":"2021-06-02T21:49:08","guid":{"rendered":"https:\/\/www.solivin.com\/%d1%81%d0%be%d1%81%d1%82%d0%b0%d0%b2\/"},"modified":"2021-12-02T15:39:47","modified_gmt":"2021-12-02T14:39:47","slug":"sklad","status":"publish","type":"page","link":"https:\/\/www.solivin.com\/pl\/sklad\/","title":{"rendered":"Sk\u0142ad"},"content":{"rendered":"","protected":false},"excerpt":{"rendered":"","protected":false},"author":2,"featured_media":0,"parent":0,"menu_order":0,"comment_status":"closed","ping_status":"closed","template":"","meta":[],"acf":[],"yoast_head":"<!-- This site is optimized with the Yoast SEO plugin v17.6 - https:\/\/yoast.com\/wordpress\/plugins\/seo\/ -->\n<title>Sk\u0142ad - SOLIVIN COM PL<\/title>\n<meta name=\"description\" content=\"Ma\u015b\u0107 SOLIVIN to zr\u00f3wnowa\u017cone po\u0142\u0105czenie naturalnych sk\u0142adnik\u00f3w aktywnych, kt\u00f3re umo\u017cliwiaj\u0105 osi\u0105gni\u0119cie korzystnego wyniku bez skutk\u00f3w ubocznych b\u0105d\u017a powik\u0142a\u0144.\" \/>\n<meta name=\"robots\" content=\"index, follow, max-snippet:-1, max-image-preview:large, max-video-preview:-1\" \/>\n<link rel=\"canonical\" href=\"https:\/\/www.solivin.com\/pl\/sklad\/\" \/>\n<meta property=\"og:locale\" content=\"pl_PL\" \/>\n<meta property=\"og:type\" content=\"article\" \/>\n<meta property=\"og:title\" content=\"Sk\u0142ad - SOLIVIN COM PL\" \/>\n<meta property=\"og:description\" content=\"Ma\u015b\u0107 SOLIVIN to zr\u00f3wnowa\u017cone po\u0142\u0105czenie naturalnych sk\u0142adnik\u00f3w aktywnych, kt\u00f3re umo\u017cliwiaj\u0105 osi\u0105gni\u0119cie korzystnego wyniku bez skutk\u00f3w ubocznych b\u0105d\u017a powik\u0142a\u0144.\" \/>\n<meta property=\"og:url\" content=\"https:\/\/www.solivin.com\/pl\/sklad\/\" \/>\n<meta property=\"og:site_name\" content=\"SOLIVIN COM PL\" \/>\n<meta property=\"article:modified_time\" content=\"2021-12-02T14:39:47+00:00\" \/>\n<meta name=\"twitter:card\" content=\"summary_large_image\" \/>\n<script type=\"application\/ld+json\" class=\"yoast-schema-graph\">{\"@context\":\"https:\/\/schema.org\",\"@graph\":[{\"@type\":\"WebSite\",\"@id\":\"https:\/\/www.solivin.com\/cs\/#website\",\"url\":\"https:\/\/www.solivin.com\/cs\/\",\"name\":\"SOLIVIN COM PL\",\"description\":\"\",\"potentialAction\":[{\"@type\":\"SearchAction\",\"target\":{\"@type\":\"EntryPoint\",\"urlTemplate\":\"https:\/\/www.solivin.com\/cs\/?s={search_term_string}\"},\"query-input\":\"required name=search_term_string\"}],\"inLanguage\":\"pl-PL\"},{\"@type\":\"WebPage\",\"@id\":\"https:\/\/www.solivin.com\/pl\/sklad\/#webpage\",\"url\":\"https:\/\/www.solivin.com\/pl\/sklad\/\",\"name\":\"Sk\\u0142ad - SOLIVIN COM PL\",\"isPartOf\":{\"@id\":\"https:\/\/www.solivin.com\/cs\/#website\"},\"datePublished\":\"2021-06-02T21:49:08+00:00\",\"dateModified\":\"2021-12-02T14:39:47+00:00\",\"description\":\"Ma\\u015b\\u0107 SOLIVIN to zr\\u00f3wnowa\\u017cone po\\u0142\\u0105czenie naturalnych sk\\u0142adnik\\u00f3w aktywnych, kt\\u00f3re umo\\u017cliwiaj\\u0105 osi\\u0105gni\\u0119cie korzystnego wyniku bez skutk\\u00f3w ubocznych b\\u0105d\\u017a powik\\u0142a\\u0144.\",\"breadcrumb\":{\"@id\":\"https:\/\/www.solivin.com\/pl\/sklad\/#breadcrumb\"},\"inLanguage\":\"pl-PL\",\"potentialAction\":[{\"@type\":\"ReadAction\",\"target\":[\"https:\/\/www.solivin.com\/pl\/sklad\/\"]}]},{\"@type\":\"BreadcrumbList\",\"@id\":\"https:\/\/www.solivin.com\/pl\/sklad\/#breadcrumb\",\"itemListElement\":[{\"@type\":\"ListItem\",\"position\":1,\"name\":\"Home\",\"item\":\"https:\/\/www.solivin.com\/pl\/\"},{\"@type\":\"ListItem\",\"position\":2,\"name\":\"Sk\\u0142ad\"}]}]}<\/script>\n<!-- \/ Yoast SEO plugin. -->","yoast_head_json":{"title":"Sk\u0142ad - SOLIVIN COM PL","description":"Ma\u015b\u0107 SOLIVIN to zr\u00f3wnowa\u017cone po\u0142\u0105czenie naturalnych sk\u0142adnik\u00f3w aktywnych, kt\u00f3re umo\u017cliwiaj\u0105 osi\u0105gni\u0119cie korzystnego wyniku bez skutk\u00f3w ubocznych b\u0105d\u017a powik\u0142a\u0144.","robots":{"index":"index","follow":"follow","max-snippet":"max-snippet:-1","max-image-preview":"max-image-preview:large","max-video-preview":"max-video-preview:-1"},"canonical":"https:\/\/www.solivin.com\/pl\/sklad\/","og_locale":"pl_PL","og_type":"article","og_title":"Sk\u0142ad - SOLIVIN COM PL","og_description":"Ma\u015b\u0107 SOLIVIN to zr\u00f3wnowa\u017cone po\u0142\u0105czenie naturalnych sk\u0142adnik\u00f3w aktywnych, kt\u00f3re umo\u017cliwiaj\u0105 osi\u0105gni\u0119cie korzystnego wyniku bez skutk\u00f3w ubocznych b\u0105d\u017a powik\u0142a\u0144.","og_url":"https:\/\/www.solivin.com\/pl\/sklad\/","og_site_name":"SOLIVIN COM PL","article_modified_time":"2021-12-02T14:39:47+00:00","twitter_card":"summary_large_image","schema":{"@context":"https:\/\/schema.org","@graph":[{"@type":"WebSite","@id":"https:\/\/www.solivin.com\/cs\/#website","url":"https:\/\/www.solivin.com\/cs\/","name":"SOLIVIN COM PL","description":"","potentialAction":[{"@type":"SearchAction","target":{"@type":"EntryPoint","urlTemplate":"https:\/\/www.solivin.com\/cs\/?s={search_term_string}"},"query-input":"required name=search_term_string"}],"inLanguage":"pl-PL"},{"@type":"WebPage","@id":"https:\/\/www.solivin.com\/pl\/sklad\/#webpage","url":"https:\/\/www.solivin.com\/pl\/sklad\/","name":"Sk\u0142ad - SOLIVIN COM PL","isPartOf":{"@id":"https:\/\/www.solivin.com\/cs\/#website"},"datePublished":"2021-06-02T21:49:08+00:00","dateModified":"2021-12-02T14:39:47+00:00","description":"Ma\u015b\u0107 SOLIVIN to zr\u00f3wnowa\u017cone po\u0142\u0105czenie naturalnych sk\u0142adnik\u00f3w aktywnych, kt\u00f3re umo\u017cliwiaj\u0105 osi\u0105gni\u0119cie korzystnego wyniku bez skutk\u00f3w ubocznych b\u0105d\u017a powik\u0142a\u0144.","breadcrumb":{"@id":"https:\/\/www.solivin.com\/pl\/sklad\/#breadcrumb"},"inLanguage":"pl-PL","potentialAction":[{"@type":"ReadAction","target":["https:\/\/www.solivin.com\/pl\/sklad\/"]}]},{"@type":"BreadcrumbList","@id":"https:\/\/www.solivin.com\/pl\/sklad\/#breadcrumb","itemListElement":[{"@type":"ListItem","position":1,"name":"Home","item":"https:\/\/www.solivin.com\/pl\/"},{"@type":"ListItem","position":2,"name":"Sk\u0142ad"}]}]}},"_links":{"self":[{"href":"https:\/\/www.solivin.com\/pl\/wp-json\/wp\/v2\/pages\/1552"}],"collection":[{"href":"https:\/\/www.solivin.com\/pl\/wp-json\/wp\/v2\/pages"}],"about":[{"href":"https:\/\/www.solivin.com\/pl\/wp-json\/wp\/v2\/types\/page"}],"author":[{"embeddable":true,"href":"https:\/\/www.solivin.com\/pl\/wp-json\/wp\/v2\/users\/2"}],"replies":[{"embeddable":true,"href":"https:\/\/www.solivin.com\/pl\/wp-json\/wp\/v2\/comments?post=1552"}],"version-history":[{"count":1,"href":"https:\/\/www.solivin.com\/pl\/wp-json\/wp\/v2\/pages\/1552\/revisions"}],"predecessor-version":[{"id":2963,"href":"https:\/\/www.solivin.com\/pl\/wp-json\/wp\/v2\/pages\/1552\/revisions\/2963"}],"wp:attachment":[{"href":"https:\/\/www.solivin.com\/pl\/wp-json\/wp\/v2\/media?parent=1552"}],"curies":[{"name":"wp","href":"https:\/\/api.w.org\/{rel}","templated":true}]}}